{"id":1519,"date":"2025-04-13T09:11:33","date_gmt":"2025-04-13T09:11:33","guid":{"rendered":"https:\/\/bhknpartners.hu\/?page_id=1519"},"modified":"2025-04-25T17:24:38","modified_gmt":"2025-04-25T15:24:38","slug":"outsource","status":"publish","type":"page","link":"https:\/\/bhknpartners.hu\/en\/outsource\/","title":{"rendered":"Outsource"},"content":{"rendered":"<div class=\"wp-block-cover alignfull\"><span aria-hidden=\"true\" class=\"wp-block-cover__background has-theme-palette-3-background-color has-background-dim-20 has-background-dim\"><\/span><img loading=\"lazy\" decoding=\"async\" width=\"1920\" height=\"640\" class=\"wp-block-cover__image-background wp-image-1579\" alt=\"Hero Outsource\" src=\"https:\/\/bhknpartners.hu\/wp-content\/uploads\/2025\/04\/hero-outsource.jpg\" data-object-fit=\"cover\" srcset=\"https:\/\/bhknpartners.hu\/wp-content\/uploads\/2025\/04\/hero-outsource.jpg 1920w, https:\/\/bhknpartners.hu\/wp-content\/uploads\/2025\/04\/hero-outsource-300x100.jpg 300w, https:\/\/bhknpartners.hu\/wp-content\/uploads\/2025\/04\/hero-outsource-1024x341.jpg 1024w, https:\/\/bhknpartners.hu\/wp-content\/uploads\/2025\/04\/hero-outsource-768x256.jpg 768w, https:\/\/bhknpartners.hu\/wp-content\/uploads\/2025\/04\/hero-outsource-1536x512.jpg 1536w\" sizes=\"auto, (max-width: 1920px) 100vw, 1920px\" \/><div class=\"wp-block-cover__inner-container is-layout-constrained wp-block-cover-is-layout-constrained\">\n<p class=\"has-text-align-left hero-title has-xxlarge-font-size\"><strong>Outsource<\/strong><\/p>\n\n\n\n<p class=\"has-text-align-left hero-text has-large-font-size\">Organize your legal department with us!<\/p>\n<\/div><\/div>\n\n\n\n<h2 class=\"wp-block-heading\">Organize your legal department with us!<\/h2>\n\n\n\n<p>Our resources and expertise are at your disposal. Whether it concerns special taxation or data protection expertise, or the temporary replacement of your entire legal department, we are the right legal partner.&nbsp;<\/p>\n\n\n\n<p>Through their many years of experience gained as \u2018in-house\u2019 lawyers, our attorneys are fully aware of the processes, challenges and demands of enterprises. We offer this practical know-how to you so that, with the help of our legal services, your company can operate smoothly.<\/p>\n\n\n\n<p><strong>WE OFFER<\/strong><\/p>\n\n\n\n<ul class=\"wp-block-list\">\n<li>Legal outsourcing to any depth \u2013 temporary support to full outsourcing<\/li>\n\n\n\n<li>Tailored, fully scalable service<\/li>\n\n\n\n<li>A team comprising experienced attorneys with \u2018in-house\u2019 consulting experience<\/li>\n\n\n\n<li>Practical, straightforward approach<\/li>\n\n\n\n<li>Cost efficiency with pre-agreed hourly rates<\/li>\n<\/ul>\n\n\n\n<p><strong>B\u00edr\u00f3, Hauck, Kotmayer and N\u00e9meth Law Firm Partnership<\/strong><br>Gell\u00e9rt Terasz Irodah\u00e1z \/ 1118 Budapest, M\u00e9nesi \u00fat 24.<br>Telefon: +36 30 9603 977 \/ E-mail: <a href=\"mailto:office@bhknpartners.hu\">office@bhknpartners.hu<\/a><\/p>","protected":false},"excerpt":{"rendered":"<p>Szervezze meg jogi oszt\u00e1ly\u00e1t vel\u00fcnk! Er\u0151forr\u00e1saink \u00e9s szak\u00e9rtelm\u00fcnk az \u00d6n rendelkez\u00e9s\u00e9re \u00e1ll. Legyen sz\u00f3 speci\u00e1lis ad\u00f3jogi vagy adatv\u00e9delmi szaktud\u00e1sr\u00f3l, vagy teljes jogi oszt\u00e1ly\u00e1nak \u00e1tmeneti helyettes\u00edt\u00e9s\u00e9r\u0151l, mi vagyunk a megfelel\u0151 jogi partner.&nbsp; \u00dcgyv\u00e9deink sok\u00e9ves, \u201ebels\u0151s\u201d jog\u00e1szk\u00e9nt szerzett tapasztalata r\u00e9v\u00e9n j\u00f3l ismerj\u00fck a v\u00e1llalkoz\u00e1sok folyamatait, kih\u00edv\u00e1sait \u00e9s ig\u00e9nyeit. Ezt a gyakorlati tud\u00e1st aj\u00e1nljuk \u00d6nnek, hogy jogi szolg\u00e1ltat\u00e1saink&#8230;<\/p>","protected":false},"author":1,"featured_media":0,"parent":0,"menu_order":0,"comment_status":"closed","ping_status":"closed","template":"templates\/page-with-hero.php","meta":{"_acf_changed":false,"_kad_post_transparent":"","_kad_post_title":"","_kad_post_layout":"","_kad_post_sidebar_id":"","_kad_post_content_style":"","_kad_post_vertical_padding":"","_kad_post_feature":"","_kad_post_feature_position":"","_kad_post_header":false,"_kad_post_footer":false,"_kad_post_classname":"","footnotes":""},"class_list":["post-1519","page","type-page","status-publish","hentry"],"acf":[],"yoast_head":"<!-- This site is optimized with the Yoast SEO Premium plugin v27.6 (Yoast SEO v27.6) - https:\/\/yoast.com\/product\/yoast-seo-premium-wordpress\/ -->\n<title>Outsource - BHKN Partners \u2013 \u00dcgyv\u00e9di T\u00e1rsul\u00e1s | Legal Services<\/title>\n<meta name=\"description\" content=\"Az outsourcing szolg\u00e1ltat\u00e1sok l\u00e9nyege, hogy a kihelyez\u00e9ssel a v\u00e1llalat gyorsabb, hat\u00e9konyabb legyen. Szervezze meg jogi oszt\u00e1ly\u00e1t vel\u00fcnk!\" \/>\n<meta name=\"robots\" content=\"index, follow, max-snippet:-1, max-image-preview:large, max-video-preview:-1\" \/>\n<link rel=\"canonical\" href=\"https:\/\/bhknpartners.hu\/en\/outsource\/\" \/>\n<meta property=\"og:locale\" content=\"en_GB\" \/>\n<meta property=\"og:type\" content=\"article\" \/>\n<meta property=\"og:title\" content=\"Outsource\" \/>\n<meta property=\"og:description\" content=\"Az outsourcing szolg\u00e1ltat\u00e1sok l\u00e9nyege, hogy a kihelyez\u00e9ssel a v\u00e1llalat gyorsabb, hat\u00e9konyabb legyen. Szervezze meg jogi oszt\u00e1ly\u00e1t vel\u00fcnk!\" \/>\n<meta property=\"og:url\" content=\"https:\/\/bhknpartners.hu\/en\/outsource\/\" \/>\n<meta property=\"og:site_name\" content=\"BHKN Partners \u2013 \u00dcgyv\u00e9di T\u00e1rsul\u00e1s | Legal Services\" \/>\n<meta property=\"article:modified_time\" content=\"2025-04-25T15:24:38+00:00\" \/>\n<meta property=\"og:image\" content=\"https:\/\/bhknpartners.hu\/wp-content\/uploads\/2025\/04\/hero-outsource.jpg\" \/>\n\t<meta property=\"og:image:width\" content=\"1920\" \/>\n\t<meta property=\"og:image:height\" content=\"640\" \/>\n\t<meta property=\"og:image:type\" content=\"image\/jpeg\" \/>\n<meta name=\"twitter:card\" content=\"summary_large_image\" \/>\n<meta name=\"twitter:label1\" content=\"Estimated reading time\" \/>\n\t<meta name=\"twitter:data1\" content=\"1 minute\" \/>\n<script type=\"application\/ld+json\" class=\"yoast-schema-graph\">{\"@context\":\"https:\\\/\\\/schema.org\",\"@graph\":[{\"@type\":\"WebPage\",\"@id\":\"https:\\\/\\\/bhknpartners.hu\\\/outsource\\\/\",\"url\":\"https:\\\/\\\/bhknpartners.hu\\\/outsource\\\/\",\"name\":\"Outsource - BHKN Partners \u2013 \u00dcgyv\u00e9di T\u00e1rsul\u00e1s | Legal Services\",\"isPartOf\":{\"@id\":\"https:\\\/\\\/bhknpartners.hu\\\/#website\"},\"primaryImageOfPage\":{\"@id\":\"https:\\\/\\\/bhknpartners.hu\\\/outsource\\\/#primaryimage\"},\"image\":{\"@id\":\"https:\\\/\\\/bhknpartners.hu\\\/outsource\\\/#primaryimage\"},\"thumbnailUrl\":\"https:\\\/\\\/bhknpartners.hu\\\/wp-content\\\/uploads\\\/2025\\\/04\\\/hero-outsource.jpg\",\"datePublished\":\"2025-04-13T09:11:33+00:00\",\"dateModified\":\"2025-04-25T15:24:38+00:00\",\"description\":\"Az outsourcing szolg\u00e1ltat\u00e1sok l\u00e9nyege, hogy a kihelyez\u00e9ssel a v\u00e1llalat gyorsabb, hat\u00e9konyabb legyen. Szervezze meg jogi oszt\u00e1ly\u00e1t vel\u00fcnk!\",\"breadcrumb\":{\"@id\":\"https:\\\/\\\/bhknpartners.hu\\\/outsource\\\/#breadcrumb\"},\"inLanguage\":\"en-GB\",\"potentialAction\":[{\"@type\":\"ReadAction\",\"target\":[\"https:\\\/\\\/bhknpartners.hu\\\/outsource\\\/\"]}]},{\"@type\":\"ImageObject\",\"inLanguage\":\"en-GB\",\"@id\":\"https:\\\/\\\/bhknpartners.hu\\\/outsource\\\/#primaryimage\",\"url\":\"https:\\\/\\\/bhknpartners.hu\\\/wp-content\\\/uploads\\\/2025\\\/04\\\/hero-outsource.jpg\",\"contentUrl\":\"https:\\\/\\\/bhknpartners.hu\\\/wp-content\\\/uploads\\\/2025\\\/04\\\/hero-outsource.jpg\"},{\"@type\":\"BreadcrumbList\",\"@id\":\"https:\\\/\\\/bhknpartners.hu\\\/outsource\\\/#breadcrumb\",\"itemListElement\":[{\"@type\":\"ListItem\",\"position\":1,\"name\":\"Home\",\"item\":\"https:\\\/\\\/bhknpartners.hu\\\/\"},{\"@type\":\"ListItem\",\"position\":2,\"name\":\"Outsource\"}]},{\"@type\":\"WebSite\",\"@id\":\"https:\\\/\\\/bhknpartners.hu\\\/#website\",\"url\":\"https:\\\/\\\/bhknpartners.hu\\\/\",\"name\":\"BHKN Partners \u2013 \u00dcgyv\u00e9di T\u00e1rsul\u00e1s | Legal Services\",\"description\":\"\",\"publisher\":{\"@id\":\"https:\\\/\\\/bhknpartners.hu\\\/#organization\"},\"potentialAction\":[{\"@type\":\"SearchAction\",\"target\":{\"@type\":\"EntryPoint\",\"urlTemplate\":\"https:\\\/\\\/bhknpartners.hu\\\/?s={search_term_string}\"},\"query-input\":{\"@type\":\"PropertyValueSpecification\",\"valueRequired\":true,\"valueName\":\"search_term_string\"}}],\"inLanguage\":\"en-GB\"},{\"@type\":\"Organization\",\"@id\":\"https:\\\/\\\/bhknpartners.hu\\\/#organization\",\"name\":\"BHKN Partners \u2013 \u00dcgyv\u00e9di T\u00e1rsul\u00e1s | Legal Services\",\"url\":\"https:\\\/\\\/bhknpartners.hu\\\/\",\"logo\":{\"@type\":\"ImageObject\",\"inLanguage\":\"en-GB\",\"@id\":\"https:\\\/\\\/bhknpartners.hu\\\/#\\\/schema\\\/logo\\\/image\\\/\",\"url\":\"https:\\\/\\\/bhknpartners.hu\\\/wp-content\\\/uploads\\\/2025\\\/04\\\/bhkn-logo.png\",\"contentUrl\":\"https:\\\/\\\/bhknpartners.hu\\\/wp-content\\\/uploads\\\/2025\\\/04\\\/bhkn-logo.png\",\"width\":800,\"height\":67,\"caption\":\"BHKN Partners \u2013 \u00dcgyv\u00e9di T\u00e1rsul\u00e1s | Legal Services\"},\"image\":{\"@id\":\"https:\\\/\\\/bhknpartners.hu\\\/#\\\/schema\\\/logo\\\/image\\\/\"}}]}<\/script>\n<!-- \/ Yoast SEO Premium plugin. -->","yoast_head_json":{"title":"Outsourcing services in law - legal outsourcing from BHKN","description":"Outsourcing services in law: make your business faster and more efficient through delegation. Let us help you structure your legal department!","robots":{"index":"index","follow":"follow","max-snippet":"max-snippet:-1","max-image-preview":"max-image-preview:large","max-video-preview":"max-video-preview:-1"},"canonical":"https:\/\/bhknpartners.hu\/en\/outsource\/","og_locale":"en_GB","og_type":"article","og_title":"Outsource","og_description":"Az outsourcing szolg\u00e1ltat\u00e1sok l\u00e9nyege, hogy a kihelyez\u00e9ssel a v\u00e1llalat gyorsabb, hat\u00e9konyabb legyen. Szervezze meg jogi oszt\u00e1ly\u00e1t vel\u00fcnk!","og_url":"https:\/\/bhknpartners.hu\/en\/outsource\/","og_site_name":"BHKN Partners \u2013 \u00dcgyv\u00e9di T\u00e1rsul\u00e1s | Legal Services","article_modified_time":"2025-04-25T15:24:38+00:00","og_image":[{"width":1920,"height":640,"url":"https:\/\/bhknpartners.hu\/wp-content\/uploads\/2025\/04\/hero-outsource.jpg","type":"image\/jpeg"}],"twitter_card":"summary_large_image","twitter_misc":{"Estimated reading time":"1 minute"},"schema":{"@context":"https:\/\/schema.org","@graph":[{"@type":"WebPage","@id":"https:\/\/bhknpartners.hu\/outsource\/","url":"https:\/\/bhknpartners.hu\/outsource\/","name":"Outsourcing services in law - legal outsourcing from BHKN","isPartOf":{"@id":"https:\/\/bhknpartners.hu\/#website"},"primaryImageOfPage":{"@id":"https:\/\/bhknpartners.hu\/outsource\/#primaryimage"},"image":{"@id":"https:\/\/bhknpartners.hu\/outsource\/#primaryimage"},"thumbnailUrl":"https:\/\/bhknpartners.hu\/wp-content\/uploads\/2025\/04\/hero-outsource.jpg","datePublished":"2025-04-13T09:11:33+00:00","dateModified":"2025-04-25T15:24:38+00:00","description":"Outsourcing services in law: make your business faster and more efficient through delegation. Let us help you structure your legal department!","breadcrumb":{"@id":"https:\/\/bhknpartners.hu\/outsource\/#breadcrumb"},"inLanguage":"en-GB","potentialAction":[{"@type":"ReadAction","target":["https:\/\/bhknpartners.hu\/outsource\/"]}]},{"@type":"ImageObject","inLanguage":"en-GB","@id":"https:\/\/bhknpartners.hu\/outsource\/#primaryimage","url":"https:\/\/bhknpartners.hu\/wp-content\/uploads\/2025\/04\/hero-outsource.jpg","contentUrl":"https:\/\/bhknpartners.hu\/wp-content\/uploads\/2025\/04\/hero-outsource.jpg"},{"@type":"BreadcrumbList","@id":"https:\/\/bhknpartners.hu\/outsource\/#breadcrumb","itemListElement":[{"@type":"ListItem","position":1,"name":"Home","item":"https:\/\/bhknpartners.hu\/"},{"@type":"ListItem","position":2,"name":"Outsource"}]},{"@type":"WebSite","@id":"https:\/\/bhknpartners.hu\/#website","url":"https:\/\/bhknpartners.hu\/","name":"BHKN Partners \u2013 \u00dcgyv\u00e9di T\u00e1rsul\u00e1s | Legal Services","description":"","publisher":{"@id":"https:\/\/bhknpartners.hu\/#organization"},"potentialAction":[{"@type":"SearchAction","target":{"@type":"EntryPoint","urlTemplate":"https:\/\/bhknpartners.hu\/?s={search_term_string}"},"query-input":{"@type":"PropertyValueSpecification","valueRequired":true,"valueName":"search_term_string"}}],"inLanguage":"en-GB"},{"@type":"Organization","@id":"https:\/\/bhknpartners.hu\/#organization","name":"BHKN Partners \u2013 \u00dcgyv\u00e9di T\u00e1rsul\u00e1s | Legal Services","url":"https:\/\/bhknpartners.hu\/","logo":{"@type":"ImageObject","inLanguage":"en-GB","@id":"https:\/\/bhknpartners.hu\/#\/schema\/logo\/image\/","url":"https:\/\/bhknpartners.hu\/wp-content\/uploads\/2025\/04\/bhkn-logo.png","contentUrl":"https:\/\/bhknpartners.hu\/wp-content\/uploads\/2025\/04\/bhkn-logo.png","width":800,"height":67,"caption":"BHKN Partners \u2013 \u00dcgyv\u00e9di T\u00e1rsul\u00e1s | Legal Services"},"image":{"@id":"https:\/\/bhknpartners.hu\/#\/schema\/logo\/image\/"}}]}},"_links":{"self":[{"href":"https:\/\/bhknpartners.hu\/en\/wp-json\/wp\/v2\/pages\/1519","targetHints":{"allow":["GET"]}}],"collection":[{"href":"https:\/\/bhknpartners.hu\/en\/wp-json\/wp\/v2\/pages"}],"about":[{"href":"https:\/\/bhknpartners.hu\/en\/wp-json\/wp\/v2\/types\/page"}],"author":[{"embeddable":true,"href":"https:\/\/bhknpartners.hu\/en\/wp-json\/wp\/v2\/users\/1"}],"replies":[{"embeddable":true,"href":"https:\/\/bhknpartners.hu\/en\/wp-json\/wp\/v2\/comments?post=1519"}],"version-history":[{"count":7,"href":"https:\/\/bhknpartners.hu\/en\/wp-json\/wp\/v2\/pages\/1519\/revisions"}],"predecessor-version":[{"id":1585,"href":"https:\/\/bhknpartners.hu\/en\/wp-json\/wp\/v2\/pages\/1519\/revisions\/1585"}],"wp:attachment":[{"href":"https:\/\/bhknpartners.hu\/en\/wp-json\/wp\/v2\/media?parent=1519"}],"curies":[{"name":"wp","href":"https:\/\/api.w.org\/{rel}","templated":true}]}}