{"id":1527,"date":"2025-04-13T09:49:33","date_gmt":"2025-04-13T09:49:33","guid":{"rendered":"https:\/\/bhknpartners.hu\/?page_id=1527"},"modified":"2025-05-08T12:56:24","modified_gmt":"2025-05-08T10:56:24","slug":"law-firm-association","status":"publish","type":"page","link":"https:\/\/bhknpartners.hu\/en\/ugyvedi-tarsulas\/","title":{"rendered":"BHKN"},"content":{"rendered":"<p>B\u00edr\u00f3, Hauck, Kotmayer and N\u00e9meth Law Firm Association operates in the form of a law firm association established pursuant to Act LXXVIII of 2017 on the Legal Profession and the Regulation 8\/2017 (XI.20.) of the Hungarian Bar Association (M\u00dcK) on law firm associations and law office communities, and is registered by the Budapest Bar Association.\n\nThe members of the law firm association are:&nbsp;<\/p>\n\n\n\n<ul class=\"wp-block-list\">\n<li>DR. \u00c1D\u00c1M B\u00cdR\u00d3 Law Office<\/li>\n\n\n\n<li>Dr. Arvid Hauck, Attorney at Law<\/li>\n\n\n\n<li>Kotmayer Law Office<\/li>\n\n\n\n<li>N\u00e9meth and N\u00e9meth Law Office<\/li>\n<\/ul>\n\n\n\n<p>The rights, obligations, and liability of the individual attorneys and law offices participating in the law firm association are governed by Act LXXVIII of 2017 on the Legal Profession and the applicable bar regulations, which are available on the website of the Hungarian Bar Association.<a href=\"http:\/\/www.magyarugyvedikamara.hu\">www.magyarugyvedikamara.hu<\/a>.<\/p>\n\n\n\n<p>This website is maintained by B\u00edr\u00f3, Hauck, Kotmayer and N\u00e9meth Law Firm Association, registered with the Budapest Bar Association, in accordance with the laws and bar regulations applicable to attorneys.\n\nThe provisions governing the content and appearance of attorneys\u2019 websites are set out in the Regulations of the Hungarian Bar Association on the Ethical Rules and Expectations of the Legal Profession.<\/p>","protected":false},"excerpt":{"rendered":"<p>A B\u00edr\u00f3, Hauck, Kotmayer \u00e9s N\u00e9meth \u00dcgyv\u00e9di T\u00e1rsul\u00e1s az \u00fcgyv\u00e9di tev\u00e9kenys\u00e9gr\u0151l sz\u00f3l\u00f3 2017. \u00e9vi LXXVIII. t\u00f6rv\u00e9ny \u00e9s az \u00fcgyv\u00e9di t\u00e1rsul\u00e1sr\u00f3l \u00e9s az \u00fcgyv\u00e9di irodak\u00f6z\u00f6ss\u00e9gr\u0151l sz\u00f3l\u00f3 8\/2017. (XI.20.) M\u00dcK szab\u00e1lyzat alapj\u00e1n l\u00e9trehozott, a Budapesti \u00dcgyv\u00e9di Kamara \u00e1ltal nyilv\u00e1ntart\u00e1sba vett \u00fcgyv\u00e9di t\u00e1rsul\u00e1s form\u00e1j\u00e1ban m\u0171k\u00f6dik. Az \u00fcgyv\u00e9di t\u00e1rsul\u00e1s tagjai:&nbsp; Az \u00fcgyv\u00e9di t\u00e1rsul\u00e1sban r\u00e9szt vev\u0151 egy\u00e9ni \u00fcgyv\u00e9dek \u00e9s \u00fcgyv\u00e9di&#8230;<\/p>","protected":false},"author":1,"featured_media":0,"parent":0,"menu_order":0,"comment_status":"closed","ping_status":"closed","template":"","meta":{"_acf_changed":false,"_kad_post_transparent":"","_kad_post_title":"","_kad_post_layout":"","_kad_post_sidebar_id":"","_kad_post_content_style":"","_kad_post_vertical_padding":"","_kad_post_feature":"","_kad_post_feature_position":"","_kad_post_header":false,"_kad_post_footer":false,"_kad_post_classname":"","footnotes":""},"class_list":["post-1527","page","type-page","status-publish","hentry"],"acf":[],"yoast_head":"<!-- This site is optimized with the Yoast SEO Premium plugin v27.6 (Yoast SEO v27.6) - https:\/\/yoast.com\/product\/yoast-seo-premium-wordpress\/ -->\n<title>\u00dcgyv\u00e9di t\u00e1rsul\u00e1s - BHKN Partners \u2013 \u00dcgyv\u00e9di T\u00e1rsul\u00e1s | Legal Services<\/title>\n<meta name=\"description\" content=\"Jogi tan\u00e1csad\u00e1s \u00e9s szolg\u00e1ltat\u00e1s c\u00e9geknek: c\u00e9galap\u00edt\u00e1s, alap\u00edt\u00f3 okirat, szellemi tulajdonjog, outsourcing \u00e9s egy\u00e9b \u00fczleti jogi seg\u00edts\u00e9g\" \/>\n<meta name=\"robots\" content=\"index, follow, max-snippet:-1, max-image-preview:large, max-video-preview:-1\" \/>\n<link rel=\"canonical\" href=\"https:\/\/bhknpartners.hu\/en\/law-firm-association\/\" \/>\n<meta property=\"og:locale\" content=\"en_GB\" \/>\n<meta property=\"og:type\" content=\"article\" \/>\n<meta property=\"og:title\" content=\"\u00dcgyv\u00e9di t\u00e1rsul\u00e1s\" \/>\n<meta property=\"og:description\" content=\"Jogi tan\u00e1csad\u00e1s \u00e9s szolg\u00e1ltat\u00e1s c\u00e9geknek: c\u00e9galap\u00edt\u00e1s, alap\u00edt\u00f3 okirat, szellemi tulajdonjog, outsourcing \u00e9s egy\u00e9b \u00fczleti jogi seg\u00edts\u00e9g\" \/>\n<meta property=\"og:url\" content=\"https:\/\/bhknpartners.hu\/en\/law-firm-association\/\" \/>\n<meta property=\"og:site_name\" content=\"BHKN Partners \u2013 \u00dcgyv\u00e9di T\u00e1rsul\u00e1s | Legal Services\" \/>\n<meta property=\"article:modified_time\" content=\"2025-05-08T10:56:24+00:00\" \/>\n<meta name=\"twitter:card\" content=\"summary_large_image\" \/>\n<meta name=\"twitter:label1\" content=\"Estimated reading time\" \/>\n\t<meta name=\"twitter:data1\" content=\"1 minute\" \/>\n<script type=\"application\/ld+json\" class=\"yoast-schema-graph\">{\"@context\":\"https:\\\/\\\/schema.org\",\"@graph\":[{\"@type\":\"WebPage\",\"@id\":\"https:\\\/\\\/bhknpartners.hu\\\/ugyvedi-tarsulas\\\/\",\"url\":\"https:\\\/\\\/bhknpartners.hu\\\/ugyvedi-tarsulas\\\/\",\"name\":\"\u00dcgyv\u00e9di t\u00e1rsul\u00e1s - BHKN Partners \u2013 \u00dcgyv\u00e9di T\u00e1rsul\u00e1s | Legal Services\",\"isPartOf\":{\"@id\":\"https:\\\/\\\/bhknpartners.hu\\\/#website\"},\"datePublished\":\"2025-04-13T09:49:33+00:00\",\"dateModified\":\"2025-05-08T10:56:24+00:00\",\"description\":\"Jogi tan\u00e1csad\u00e1s \u00e9s szolg\u00e1ltat\u00e1s c\u00e9geknek: c\u00e9galap\u00edt\u00e1s, alap\u00edt\u00f3 okirat, szellemi tulajdonjog, outsourcing \u00e9s egy\u00e9b \u00fczleti jogi seg\u00edts\u00e9g\",\"breadcrumb\":{\"@id\":\"https:\\\/\\\/bhknpartners.hu\\\/ugyvedi-tarsulas\\\/#breadcrumb\"},\"inLanguage\":\"en-GB\",\"potentialAction\":[{\"@type\":\"ReadAction\",\"target\":[\"https:\\\/\\\/bhknpartners.hu\\\/ugyvedi-tarsulas\\\/\"]}]},{\"@type\":\"BreadcrumbList\",\"@id\":\"https:\\\/\\\/bhknpartners.hu\\\/ugyvedi-tarsulas\\\/#breadcrumb\",\"itemListElement\":[{\"@type\":\"ListItem\",\"position\":1,\"name\":\"Home\",\"item\":\"https:\\\/\\\/bhknpartners.hu\\\/\"},{\"@type\":\"ListItem\",\"position\":2,\"name\":\"\u00dcgyv\u00e9di t\u00e1rsul\u00e1s\"}]},{\"@type\":\"WebSite\",\"@id\":\"https:\\\/\\\/bhknpartners.hu\\\/#website\",\"url\":\"https:\\\/\\\/bhknpartners.hu\\\/\",\"name\":\"BHKN Partners \u2013 \u00dcgyv\u00e9di T\u00e1rsul\u00e1s | Legal Services\",\"description\":\"\",\"publisher\":{\"@id\":\"https:\\\/\\\/bhknpartners.hu\\\/#organization\"},\"potentialAction\":[{\"@type\":\"SearchAction\",\"target\":{\"@type\":\"EntryPoint\",\"urlTemplate\":\"https:\\\/\\\/bhknpartners.hu\\\/?s={search_term_string}\"},\"query-input\":{\"@type\":\"PropertyValueSpecification\",\"valueRequired\":true,\"valueName\":\"search_term_string\"}}],\"inLanguage\":\"en-GB\"},{\"@type\":\"Organization\",\"@id\":\"https:\\\/\\\/bhknpartners.hu\\\/#organization\",\"name\":\"BHKN Partners \u2013 \u00dcgyv\u00e9di T\u00e1rsul\u00e1s | Legal Services\",\"url\":\"https:\\\/\\\/bhknpartners.hu\\\/\",\"logo\":{\"@type\":\"ImageObject\",\"inLanguage\":\"en-GB\",\"@id\":\"https:\\\/\\\/bhknpartners.hu\\\/#\\\/schema\\\/logo\\\/image\\\/\",\"url\":\"https:\\\/\\\/bhknpartners.hu\\\/wp-content\\\/uploads\\\/2025\\\/04\\\/bhkn-logo.png\",\"contentUrl\":\"https:\\\/\\\/bhknpartners.hu\\\/wp-content\\\/uploads\\\/2025\\\/04\\\/bhkn-logo.png\",\"width\":800,\"height\":67,\"caption\":\"BHKN Partners \u2013 \u00dcgyv\u00e9di T\u00e1rsul\u00e1s | Legal Services\"},\"image\":{\"@id\":\"https:\\\/\\\/bhknpartners.hu\\\/#\\\/schema\\\/logo\\\/image\\\/\"}}]}<\/script>\n<!-- \/ Yoast SEO Premium plugin. -->","yoast_head_json":{"title":"\u00dcgyv\u00e9di t\u00e1rsul\u00e1s - BHKN Partners \u2013 \u00dcgyv\u00e9di T\u00e1rsul\u00e1s | Legal Services","description":"Jogi tan\u00e1csad\u00e1s \u00e9s szolg\u00e1ltat\u00e1s c\u00e9geknek: c\u00e9galap\u00edt\u00e1s, alap\u00edt\u00f3 okirat, szellemi tulajdonjog, outsourcing \u00e9s egy\u00e9b \u00fczleti jogi seg\u00edts\u00e9g","robots":{"index":"index","follow":"follow","max-snippet":"max-snippet:-1","max-image-preview":"max-image-preview:large","max-video-preview":"max-video-preview:-1"},"canonical":"https:\/\/bhknpartners.hu\/en\/law-firm-association\/","og_locale":"en_GB","og_type":"article","og_title":"\u00dcgyv\u00e9di t\u00e1rsul\u00e1s","og_description":"Jogi tan\u00e1csad\u00e1s \u00e9s szolg\u00e1ltat\u00e1s c\u00e9geknek: c\u00e9galap\u00edt\u00e1s, alap\u00edt\u00f3 okirat, szellemi tulajdonjog, outsourcing \u00e9s egy\u00e9b \u00fczleti jogi seg\u00edts\u00e9g","og_url":"https:\/\/bhknpartners.hu\/en\/law-firm-association\/","og_site_name":"BHKN Partners \u2013 \u00dcgyv\u00e9di T\u00e1rsul\u00e1s | Legal Services","article_modified_time":"2025-05-08T10:56:24+00:00","twitter_card":"summary_large_image","twitter_misc":{"Estimated reading time":"1 minute"},"schema":{"@context":"https:\/\/schema.org","@graph":[{"@type":"WebPage","@id":"https:\/\/bhknpartners.hu\/ugyvedi-tarsulas\/","url":"https:\/\/bhknpartners.hu\/ugyvedi-tarsulas\/","name":"\u00dcgyv\u00e9di t\u00e1rsul\u00e1s - BHKN Partners \u2013 \u00dcgyv\u00e9di T\u00e1rsul\u00e1s | Legal Services","isPartOf":{"@id":"https:\/\/bhknpartners.hu\/#website"},"datePublished":"2025-04-13T09:49:33+00:00","dateModified":"2025-05-08T10:56:24+00:00","description":"Jogi tan\u00e1csad\u00e1s \u00e9s szolg\u00e1ltat\u00e1s c\u00e9geknek: c\u00e9galap\u00edt\u00e1s, alap\u00edt\u00f3 okirat, szellemi tulajdonjog, outsourcing \u00e9s egy\u00e9b \u00fczleti jogi seg\u00edts\u00e9g","breadcrumb":{"@id":"https:\/\/bhknpartners.hu\/ugyvedi-tarsulas\/#breadcrumb"},"inLanguage":"en-GB","potentialAction":[{"@type":"ReadAction","target":["https:\/\/bhknpartners.hu\/ugyvedi-tarsulas\/"]}]},{"@type":"BreadcrumbList","@id":"https:\/\/bhknpartners.hu\/ugyvedi-tarsulas\/#breadcrumb","itemListElement":[{"@type":"ListItem","position":1,"name":"Home","item":"https:\/\/bhknpartners.hu\/"},{"@type":"ListItem","position":2,"name":"\u00dcgyv\u00e9di t\u00e1rsul\u00e1s"}]},{"@type":"WebSite","@id":"https:\/\/bhknpartners.hu\/#website","url":"https:\/\/bhknpartners.hu\/","name":"BHKN Partners \u2013 \u00dcgyv\u00e9di T\u00e1rsul\u00e1s | Legal Services","description":"","publisher":{"@id":"https:\/\/bhknpartners.hu\/#organization"},"potentialAction":[{"@type":"SearchAction","target":{"@type":"EntryPoint","urlTemplate":"https:\/\/bhknpartners.hu\/?s={search_term_string}"},"query-input":{"@type":"PropertyValueSpecification","valueRequired":true,"valueName":"search_term_string"}}],"inLanguage":"en-GB"},{"@type":"Organization","@id":"https:\/\/bhknpartners.hu\/#organization","name":"BHKN Partners \u2013 \u00dcgyv\u00e9di T\u00e1rsul\u00e1s | Legal Services","url":"https:\/\/bhknpartners.hu\/","logo":{"@type":"ImageObject","inLanguage":"en-GB","@id":"https:\/\/bhknpartners.hu\/#\/schema\/logo\/image\/","url":"https:\/\/bhknpartners.hu\/wp-content\/uploads\/2025\/04\/bhkn-logo.png","contentUrl":"https:\/\/bhknpartners.hu\/wp-content\/uploads\/2025\/04\/bhkn-logo.png","width":800,"height":67,"caption":"BHKN Partners \u2013 \u00dcgyv\u00e9di T\u00e1rsul\u00e1s | Legal Services"},"image":{"@id":"https:\/\/bhknpartners.hu\/#\/schema\/logo\/image\/"}}]}},"_links":{"self":[{"href":"https:\/\/bhknpartners.hu\/en\/wp-json\/wp\/v2\/pages\/1527","targetHints":{"allow":["GET"]}}],"collection":[{"href":"https:\/\/bhknpartners.hu\/en\/wp-json\/wp\/v2\/pages"}],"about":[{"href":"https:\/\/bhknpartners.hu\/en\/wp-json\/wp\/v2\/types\/page"}],"author":[{"embeddable":true,"href":"https:\/\/bhknpartners.hu\/en\/wp-json\/wp\/v2\/users\/1"}],"replies":[{"embeddable":true,"href":"https:\/\/bhknpartners.hu\/en\/wp-json\/wp\/v2\/comments?post=1527"}],"version-history":[{"count":1,"href":"https:\/\/bhknpartners.hu\/en\/wp-json\/wp\/v2\/pages\/1527\/revisions"}],"predecessor-version":[{"id":1528,"href":"https:\/\/bhknpartners.hu\/en\/wp-json\/wp\/v2\/pages\/1527\/revisions\/1528"}],"wp:attachment":[{"href":"https:\/\/bhknpartners.hu\/en\/wp-json\/wp\/v2\/media?parent=1527"}],"curies":[{"name":"wp","href":"https:\/\/api.w.org\/{rel}","templated":true}]}}