{"id":1529,"date":"2025-04-13T09:49:58","date_gmt":"2025-04-13T09:49:58","guid":{"rendered":"https:\/\/bhknpartners.hu\/?page_id=1529"},"modified":"2025-04-13T09:49:58","modified_gmt":"2025-04-13T09:49:58","slug":"legal-statement","status":"publish","type":"page","link":"https:\/\/bhknpartners.hu\/en\/jogi-nyilatkozat\/","title":{"rendered":"Legal statement"},"content":{"rendered":"<p>All content displayed on the website under the domain name **bhknpartners.hu** is protected by copyright, the rights holders of which are the members of B\u00edr\u00f3, Hauck, Kotmayer and N\u00e9meth Law Firm Association (the \u201cAssociation\u201d).&nbsp;<\/p>\n\n\n\n<p>All information, data, statements, and opinions published on the website under the domain name **bhknpartners.hu** (the \u201cWebsite\u201d) are provided solely for general informational purposes; none of them constitute legal advice or legal services.\n\nAccessing the Website and reviewing the data and information available on it does not create an attorney-client relationship or any other legal relationship between the member(s) of B\u00edr\u00f3, Hauck, Kotmayer and N\u00e9meth Law Firm Association (the \u201cAssociation\u201d) and the visitor to the Website.\n\nThe Association exercises reasonable care to ensure that the content displayed on the Website is accurate and up to date; however, it has no control over how visitors use the data and information available on the Website. The member(s) of the Association shall not be liable for any legal consequences, losses, or damages incurred by the Website visitor\u2014or by any third party to whom the visitor transmits such data or information\u2014arising from the use of the data and information available on the Website.\n\nFurthermore, the Association does not warrant that the content of the Website is free from computer viruses or other malicious software.\n\nVisiting the Website and using the data and information available on it shall be at the visitor\u2019s own risk and subject to the acceptance and compliance with these provisions.<\/p>\n\n\n\n<p>The reservations and exclusions set out in this legal notice shall not affect the statutory rights of the visitors to the Website.<\/p>","protected":false},"excerpt":{"rendered":"<p>A bhknpartners.hu domain n\u00e9v alatti honlapon megjelen\u00edtett minden tartalom szerz\u0151i jogi v\u00e9delem alatt \u00e1ll, amelynek jogosultjai a B\u00edr\u00f3, Hauck, Kotmayer \u00e9s N\u00e9meth \u00dcgyv\u00e9di T\u00e1rsul\u00e1s (a \u201eT\u00e1rsul\u00e1s\u201d) tagjai.&nbsp; A bhknpartners.hu domain n\u00e9v alatti honlapon (a \u201eHonlap\u201d) elhelyezett valamennyi inform\u00e1ci\u00f3, adat, \u00e1ll\u00e1spont \u00e9s v\u00e9lem\u00e9ny kiz\u00e1r\u00f3lag \u00e1ltal\u00e1nos t\u00e1j\u00e9koztat\u00e1si c\u00e9lokat szolg\u00e1l, azok egyike sem min\u0151s\u00fcl jogi tan\u00e1csad\u00e1snak vagy szolg\u00e1ltat\u00e1snak&#8230;.<\/p>","protected":false},"author":1,"featured_media":0,"parent":0,"menu_order":0,"comment_status":"closed","ping_status":"closed","template":"","meta":{"_acf_changed":false,"_kad_post_transparent":"","_kad_post_title":"","_kad_post_layout":"","_kad_post_sidebar_id":"","_kad_post_content_style":"","_kad_post_vertical_padding":"","_kad_post_feature":"","_kad_post_feature_position":"","_kad_post_header":false,"_kad_post_footer":false,"_kad_post_classname":"","footnotes":""},"class_list":["post-1529","page","type-page","status-publish","hentry"],"acf":[],"yoast_head":"<!-- This site is optimized with the Yoast SEO Premium plugin v27.6 (Yoast SEO v27.6) - https:\/\/yoast.com\/product\/yoast-seo-premium-wordpress\/ -->\n<title>Jogi nyilatkozat - BHKN Partners \u2013 \u00dcgyv\u00e9di T\u00e1rsul\u00e1s | Legal Services<\/title>\n<meta name=\"robots\" content=\"index, follow, max-snippet:-1, max-image-preview:large, max-video-preview:-1\" \/>\n<link rel=\"canonical\" href=\"https:\/\/bhknpartners.hu\/en\/legal-statement\/\" \/>\n<meta property=\"og:locale\" content=\"en_GB\" \/>\n<meta property=\"og:type\" content=\"article\" \/>\n<meta property=\"og:title\" content=\"Jogi nyilatkozat\" \/>\n<meta property=\"og:description\" content=\"A bhknpartners.hu domain n\u00e9v alatti honlapon megjelen\u00edtett minden tartalom szerz\u0151i jogi v\u00e9delem alatt \u00e1ll, amelynek jogosultjai a B\u00edr\u00f3, Hauck, Kotmayer \u00e9s N\u00e9meth \u00dcgyv\u00e9di T\u00e1rsul\u00e1s (a \u201eT\u00e1rsul\u00e1s\u201d) tagjai.&nbsp; A bhknpartners.hu domain n\u00e9v alatti honlapon (a \u201eHonlap\u201d) elhelyezett valamennyi inform\u00e1ci\u00f3, adat, \u00e1ll\u00e1spont \u00e9s v\u00e9lem\u00e9ny kiz\u00e1r\u00f3lag \u00e1ltal\u00e1nos t\u00e1j\u00e9koztat\u00e1si c\u00e9lokat szolg\u00e1l, azok egyike sem min\u0151s\u00fcl jogi tan\u00e1csad\u00e1snak vagy szolg\u00e1ltat\u00e1snak....\" \/>\n<meta property=\"og:url\" content=\"https:\/\/bhknpartners.hu\/en\/legal-statement\/\" \/>\n<meta property=\"og:site_name\" content=\"BHKN Partners \u2013 \u00dcgyv\u00e9di T\u00e1rsul\u00e1s | Legal Services\" \/>\n<meta name=\"twitter:card\" content=\"summary_large_image\" \/>\n<meta name=\"twitter:label1\" content=\"Estimated reading time\" \/>\n\t<meta name=\"twitter:data1\" content=\"2 minutes\" \/>\n<script type=\"application\/ld+json\" class=\"yoast-schema-graph\">{\"@context\":\"https:\\\/\\\/schema.org\",\"@graph\":[{\"@type\":\"WebPage\",\"@id\":\"https:\\\/\\\/bhknpartners.hu\\\/jogi-nyilatkozat\\\/\",\"url\":\"https:\\\/\\\/bhknpartners.hu\\\/jogi-nyilatkozat\\\/\",\"name\":\"Jogi nyilatkozat - BHKN Partners \u2013 \u00dcgyv\u00e9di T\u00e1rsul\u00e1s | Legal Services\",\"isPartOf\":{\"@id\":\"https:\\\/\\\/bhknpartners.hu\\\/#website\"},\"datePublished\":\"2025-04-13T09:49:58+00:00\",\"breadcrumb\":{\"@id\":\"https:\\\/\\\/bhknpartners.hu\\\/jogi-nyilatkozat\\\/#breadcrumb\"},\"inLanguage\":\"en-GB\",\"potentialAction\":[{\"@type\":\"ReadAction\",\"target\":[\"https:\\\/\\\/bhknpartners.hu\\\/jogi-nyilatkozat\\\/\"]}]},{\"@type\":\"BreadcrumbList\",\"@id\":\"https:\\\/\\\/bhknpartners.hu\\\/jogi-nyilatkozat\\\/#breadcrumb\",\"itemListElement\":[{\"@type\":\"ListItem\",\"position\":1,\"name\":\"Home\",\"item\":\"https:\\\/\\\/bhknpartners.hu\\\/\"},{\"@type\":\"ListItem\",\"position\":2,\"name\":\"Jogi nyilatkozat\"}]},{\"@type\":\"WebSite\",\"@id\":\"https:\\\/\\\/bhknpartners.hu\\\/#website\",\"url\":\"https:\\\/\\\/bhknpartners.hu\\\/\",\"name\":\"BHKN Partners \u2013 \u00dcgyv\u00e9di T\u00e1rsul\u00e1s | Legal Services\",\"description\":\"\",\"publisher\":{\"@id\":\"https:\\\/\\\/bhknpartners.hu\\\/#organization\"},\"potentialAction\":[{\"@type\":\"SearchAction\",\"target\":{\"@type\":\"EntryPoint\",\"urlTemplate\":\"https:\\\/\\\/bhknpartners.hu\\\/?s={search_term_string}\"},\"query-input\":{\"@type\":\"PropertyValueSpecification\",\"valueRequired\":true,\"valueName\":\"search_term_string\"}}],\"inLanguage\":\"en-GB\"},{\"@type\":\"Organization\",\"@id\":\"https:\\\/\\\/bhknpartners.hu\\\/#organization\",\"name\":\"BHKN Partners \u2013 \u00dcgyv\u00e9di T\u00e1rsul\u00e1s | Legal Services\",\"url\":\"https:\\\/\\\/bhknpartners.hu\\\/\",\"logo\":{\"@type\":\"ImageObject\",\"inLanguage\":\"en-GB\",\"@id\":\"https:\\\/\\\/bhknpartners.hu\\\/#\\\/schema\\\/logo\\\/image\\\/\",\"url\":\"https:\\\/\\\/bhknpartners.hu\\\/wp-content\\\/uploads\\\/2025\\\/04\\\/bhkn-logo.png\",\"contentUrl\":\"https:\\\/\\\/bhknpartners.hu\\\/wp-content\\\/uploads\\\/2025\\\/04\\\/bhkn-logo.png\",\"width\":800,\"height\":67,\"caption\":\"BHKN Partners \u2013 \u00dcgyv\u00e9di T\u00e1rsul\u00e1s | Legal Services\"},\"image\":{\"@id\":\"https:\\\/\\\/bhknpartners.hu\\\/#\\\/schema\\\/logo\\\/image\\\/\"}}]}<\/script>\n<!-- \/ Yoast SEO Premium plugin. -->","yoast_head_json":{"title":"Jogi nyilatkozat - BHKN Partners \u2013 \u00dcgyv\u00e9di T\u00e1rsul\u00e1s | Legal Services","robots":{"index":"index","follow":"follow","max-snippet":"max-snippet:-1","max-image-preview":"max-image-preview:large","max-video-preview":"max-video-preview:-1"},"canonical":"https:\/\/bhknpartners.hu\/en\/legal-statement\/","og_locale":"en_GB","og_type":"article","og_title":"Jogi nyilatkozat","og_description":"A bhknpartners.hu domain n\u00e9v alatti honlapon megjelen\u00edtett minden tartalom szerz\u0151i jogi v\u00e9delem alatt \u00e1ll, amelynek jogosultjai a B\u00edr\u00f3, Hauck, Kotmayer \u00e9s N\u00e9meth \u00dcgyv\u00e9di T\u00e1rsul\u00e1s (a \u201eT\u00e1rsul\u00e1s\u201d) tagjai.&nbsp; A bhknpartners.hu domain n\u00e9v alatti honlapon (a \u201eHonlap\u201d) elhelyezett valamennyi inform\u00e1ci\u00f3, adat, \u00e1ll\u00e1spont \u00e9s v\u00e9lem\u00e9ny kiz\u00e1r\u00f3lag \u00e1ltal\u00e1nos t\u00e1j\u00e9koztat\u00e1si c\u00e9lokat szolg\u00e1l, azok egyike sem min\u0151s\u00fcl jogi tan\u00e1csad\u00e1snak vagy szolg\u00e1ltat\u00e1snak....","og_url":"https:\/\/bhknpartners.hu\/en\/legal-statement\/","og_site_name":"BHKN Partners \u2013 \u00dcgyv\u00e9di T\u00e1rsul\u00e1s | Legal Services","twitter_card":"summary_large_image","twitter_misc":{"Estimated reading time":"2 minutes"},"schema":{"@context":"https:\/\/schema.org","@graph":[{"@type":"WebPage","@id":"https:\/\/bhknpartners.hu\/jogi-nyilatkozat\/","url":"https:\/\/bhknpartners.hu\/jogi-nyilatkozat\/","name":"Jogi nyilatkozat - BHKN Partners \u2013 \u00dcgyv\u00e9di T\u00e1rsul\u00e1s | Legal Services","isPartOf":{"@id":"https:\/\/bhknpartners.hu\/#website"},"datePublished":"2025-04-13T09:49:58+00:00","breadcrumb":{"@id":"https:\/\/bhknpartners.hu\/jogi-nyilatkozat\/#breadcrumb"},"inLanguage":"en-GB","potentialAction":[{"@type":"ReadAction","target":["https:\/\/bhknpartners.hu\/jogi-nyilatkozat\/"]}]},{"@type":"BreadcrumbList","@id":"https:\/\/bhknpartners.hu\/jogi-nyilatkozat\/#breadcrumb","itemListElement":[{"@type":"ListItem","position":1,"name":"Home","item":"https:\/\/bhknpartners.hu\/"},{"@type":"ListItem","position":2,"name":"Jogi nyilatkozat"}]},{"@type":"WebSite","@id":"https:\/\/bhknpartners.hu\/#website","url":"https:\/\/bhknpartners.hu\/","name":"BHKN Partners \u2013 \u00dcgyv\u00e9di T\u00e1rsul\u00e1s | Legal Services","description":"","publisher":{"@id":"https:\/\/bhknpartners.hu\/#organization"},"potentialAction":[{"@type":"SearchAction","target":{"@type":"EntryPoint","urlTemplate":"https:\/\/bhknpartners.hu\/?s={search_term_string}"},"query-input":{"@type":"PropertyValueSpecification","valueRequired":true,"valueName":"search_term_string"}}],"inLanguage":"en-GB"},{"@type":"Organization","@id":"https:\/\/bhknpartners.hu\/#organization","name":"BHKN Partners \u2013 \u00dcgyv\u00e9di T\u00e1rsul\u00e1s | Legal Services","url":"https:\/\/bhknpartners.hu\/","logo":{"@type":"ImageObject","inLanguage":"en-GB","@id":"https:\/\/bhknpartners.hu\/#\/schema\/logo\/image\/","url":"https:\/\/bhknpartners.hu\/wp-content\/uploads\/2025\/04\/bhkn-logo.png","contentUrl":"https:\/\/bhknpartners.hu\/wp-content\/uploads\/2025\/04\/bhkn-logo.png","width":800,"height":67,"caption":"BHKN Partners \u2013 \u00dcgyv\u00e9di T\u00e1rsul\u00e1s | Legal Services"},"image":{"@id":"https:\/\/bhknpartners.hu\/#\/schema\/logo\/image\/"}}]}},"_links":{"self":[{"href":"https:\/\/bhknpartners.hu\/en\/wp-json\/wp\/v2\/pages\/1529","targetHints":{"allow":["GET"]}}],"collection":[{"href":"https:\/\/bhknpartners.hu\/en\/wp-json\/wp\/v2\/pages"}],"about":[{"href":"https:\/\/bhknpartners.hu\/en\/wp-json\/wp\/v2\/types\/page"}],"author":[{"embeddable":true,"href":"https:\/\/bhknpartners.hu\/en\/wp-json\/wp\/v2\/users\/1"}],"replies":[{"embeddable":true,"href":"https:\/\/bhknpartners.hu\/en\/wp-json\/wp\/v2\/comments?post=1529"}],"version-history":[{"count":1,"href":"https:\/\/bhknpartners.hu\/en\/wp-json\/wp\/v2\/pages\/1529\/revisions"}],"predecessor-version":[{"id":1530,"href":"https:\/\/bhknpartners.hu\/en\/wp-json\/wp\/v2\/pages\/1529\/revisions\/1530"}],"wp:attachment":[{"href":"https:\/\/bhknpartners.hu\/en\/wp-json\/wp\/v2\/media?parent=1529"}],"curies":[{"name":"wp","href":"https:\/\/api.w.org\/{rel}","templated":true}]}}