{"id":1554,"date":"2025-04-14T15:22:57","date_gmt":"2025-04-14T15:22:57","guid":{"rendered":"https:\/\/bhknpartners.hu\/?page_id=1554"},"modified":"2025-12-15T12:08:58","modified_gmt":"2025-12-15T11:08:58","slug":"about-us","status":"publish","type":"page","link":"https:\/\/bhknpartners.hu\/en\/rolunk\/","title":{"rendered":"About us"},"content":{"rendered":"<figure class=\"wp-block-image alignfull size-full\"><img loading=\"lazy\" decoding=\"async\" width=\"1920\" height=\"640\" src=\"https:\/\/bhknpartners.hu\/wp-content\/uploads\/2025\/04\/about-cover.jpg\" alt=\"Szak\u00e9rt\u0151ink\" class=\"wp-image-1425\" srcset=\"https:\/\/bhknpartners.hu\/wp-content\/uploads\/2025\/04\/about-cover.jpg 1920w, https:\/\/bhknpartners.hu\/wp-content\/uploads\/2025\/04\/about-cover-300x100.jpg 300w, https:\/\/bhknpartners.hu\/wp-content\/uploads\/2025\/04\/about-cover-1024x341.jpg 1024w, https:\/\/bhknpartners.hu\/wp-content\/uploads\/2025\/04\/about-cover-768x256.jpg 768w, https:\/\/bhknpartners.hu\/wp-content\/uploads\/2025\/04\/about-cover-1536x512.jpg 1536w\" sizes=\"auto, (max-width: 1920px) 100vw, 1920px\" \/><\/figure>\n\n\n\n<h2 class=\"wp-block-heading\"><strong>LEGAL SERVICES WITH A MODERN APPROACH<\/strong><\/h2>\n\n\n\n<p>We really enjoy varied and complex challenges that put our particular strengths \u2013 thinking and pragmatic operation \u2013 to the test. We build our long-term partnerships on these principles since every case requires a customized solution. And yet what is common in our assignments is a recognition of the essence and the efficient solution of the case.  This is how we respect the time and trust of our clients.&nbsp;<\/p>\n\n\n\n<p>We understand the thinking and expectations of foreign investors and we guide them through the Hungarian legal framework.<\/p>\n\n\n\n<p>We consider every question of our clients to be important.<\/p>\n\n\n\n<h2 class=\"wp-block-heading\"><strong>SENTENCED TO SUCCESS<\/strong><\/h2>\n\n\n\n<p>Our objective is nothing less than the finest quality work. For us, \u2018good enough\u2019 is not sufficient. Our solution is more than just presenting and applying the legal regulations because we take into consideration the personal and business requirements of our clients. We are proud of what we do, and how we do it.&nbsp;<\/p>\n\n\n\n<h2 class=\"wp-block-heading\"><strong>WHY US?<\/strong><\/h2>\n\n\n\n<p>Because we are modern attorneys affirming timeless values, we love our work and believe that through solid effort it is possible to achieve genuine change for our clients. In our minds, the vocation of attorney is not merely work but a genuine commitment to the provision of client-oriented service of the highest quality.<\/p>\n\n\n<div class=\"experts\">\n               \n\n            \n            \n                <div class=\"expert-card\">\n    <a class=\"expert-card-link\" href=\"https:\/\/bhknpartners.hu\/en\/munkatarsak\/dr-nemeth-franciska\/\">\n        <figure class=\"expert-card-figure\">\n            <img loading=\"lazy\" decoding=\"async\" width=\"1000\" height=\"1000\" src=\"https:\/\/bhknpartners.hu\/wp-content\/uploads\/2025\/04\/dr.-Nemeth-Franciska.jpg\" class=\"attachment-post-thumbnail size-post-thumbnail wp-post-image\" alt=\"Dr. Ne\u0301meth Franciska\" srcset=\"https:\/\/bhknpartners.hu\/wp-content\/uploads\/2025\/04\/dr.-Nemeth-Franciska.jpg 1000w, https:\/\/bhknpartners.hu\/wp-content\/uploads\/2025\/04\/dr.-Nemeth-Franciska-500x500.jpg 500w, https:\/\/bhknpartners.hu\/wp-content\/uploads\/2025\/04\/dr.-Nemeth-Franciska-200x200.jpg 200w, https:\/\/bhknpartners.hu\/wp-content\/uploads\/2025\/04\/dr.-Nemeth-Franciska-150x150.jpg 150w, https:\/\/bhknpartners.hu\/wp-content\/uploads\/2025\/04\/dr.-Nemeth-Franciska-300x300.jpg 300w, https:\/\/bhknpartners.hu\/wp-content\/uploads\/2025\/04\/dr.-Nemeth-Franciska-768x768.jpg 768w\" sizes=\"auto, (max-width: 1000px) 100vw, 1000px\" \/>            <img decoding=\"async\" class=\"expert-card-logo\" src=\"https:\/\/bhknpartners.hu\/wp-content\/uploads\/2025\/04\/logo-n.svg\" alt=\"\">\n        <\/figure>\n        <div class=\"expert-card-body\">\n            <h4 class=\"expert-card-title\">dr. Franciska N\u00e9meth<\/h4>\n        <\/div>\n    <\/a>\n<\/div>\n                \n            \n           \n\n            \n            \n                <div class=\"expert-card\">\n    <a class=\"expert-card-link\" href=\"https:\/\/bhknpartners.hu\/en\/munkatarsak\/dr-hauck-arvid\/\">\n        <figure class=\"expert-card-figure\">\n            <img loading=\"lazy\" decoding=\"async\" width=\"1000\" height=\"1000\" src=\"https:\/\/bhknpartners.hu\/wp-content\/uploads\/2025\/04\/dr.-Hauck-Arvid.jpg\" class=\"attachment-post-thumbnail size-post-thumbnail wp-post-image\" alt=\"Dr. Hauck Arvid\" srcset=\"https:\/\/bhknpartners.hu\/wp-content\/uploads\/2025\/04\/dr.-Hauck-Arvid.jpg 1000w, https:\/\/bhknpartners.hu\/wp-content\/uploads\/2025\/04\/dr.-Hauck-Arvid-300x300.jpg 300w, https:\/\/bhknpartners.hu\/wp-content\/uploads\/2025\/04\/dr.-Hauck-Arvid-150x150.jpg 150w, https:\/\/bhknpartners.hu\/wp-content\/uploads\/2025\/04\/dr.-Hauck-Arvid-768x768.jpg 768w\" sizes=\"auto, (max-width: 1000px) 100vw, 1000px\" \/>            <img decoding=\"async\" class=\"expert-card-logo\" src=\"https:\/\/bhknpartners.hu\/wp-content\/uploads\/2025\/04\/logo-h.svg\" alt=\"\">\n        <\/figure>\n        <div class=\"expert-card-body\">\n            <h4 class=\"expert-card-title\">dr. Arvid Hauck<\/h4>\n        <\/div>\n    <\/a>\n<\/div>\n                \n            \n           \n\n            \n            \n                <div class=\"expert-card\">\n    <a class=\"expert-card-link\" href=\"https:\/\/bhknpartners.hu\/en\/munkatarsak\/dr-kotmayer-zalan\/\">\n        <figure class=\"expert-card-figure\">\n            <img loading=\"lazy\" decoding=\"async\" width=\"1000\" height=\"1000\" src=\"https:\/\/bhknpartners.hu\/wp-content\/uploads\/2025\/04\/dr.-Kotmayer-Zalan.jpg\" class=\"attachment-post-thumbnail size-post-thumbnail wp-post-image\" alt=\"Dr. Kotmayer Zala\u0301n\" srcset=\"https:\/\/bhknpartners.hu\/wp-content\/uploads\/2025\/04\/dr.-Kotmayer-Zalan.jpg 1000w, https:\/\/bhknpartners.hu\/wp-content\/uploads\/2025\/04\/dr.-Kotmayer-Zalan-300x300.jpg 300w, https:\/\/bhknpartners.hu\/wp-content\/uploads\/2025\/04\/dr.-Kotmayer-Zalan-150x150.jpg 150w, https:\/\/bhknpartners.hu\/wp-content\/uploads\/2025\/04\/dr.-Kotmayer-Zalan-768x768.jpg 768w\" sizes=\"auto, (max-width: 1000px) 100vw, 1000px\" \/>            <img decoding=\"async\" class=\"expert-card-logo\" src=\"https:\/\/bhknpartners.hu\/wp-content\/uploads\/2025\/04\/logo-k.svg\" alt=\"\">\n        <\/figure>\n        <div class=\"expert-card-body\">\n            <h4 class=\"expert-card-title\">dr. Zal\u00e1n Kotmayer<\/h4>\n        <\/div>\n    <\/a>\n<\/div>\n                \n            \n           \n\n            \n            \n                <div class=\"expert-card\">\n    <a class=\"expert-card-link\" href=\"https:\/\/bhknpartners.hu\/en\/munkatarsak\/dr-biro-adam\/\">\n        <figure class=\"expert-card-figure\">\n            <img loading=\"lazy\" decoding=\"async\" width=\"1000\" height=\"1000\" src=\"https:\/\/bhknpartners.hu\/wp-content\/uploads\/2025\/04\/dr.-Biro-Adam.jpg\" class=\"attachment-post-thumbnail size-post-thumbnail wp-post-image\" alt=\"Dr. Bi\u0301ro\u0301 A\u0301da\u0301m\" srcset=\"https:\/\/bhknpartners.hu\/wp-content\/uploads\/2025\/04\/dr.-Biro-Adam.jpg 1000w, https:\/\/bhknpartners.hu\/wp-content\/uploads\/2025\/04\/dr.-Biro-Adam-300x300.jpg 300w, https:\/\/bhknpartners.hu\/wp-content\/uploads\/2025\/04\/dr.-Biro-Adam-150x150.jpg 150w, https:\/\/bhknpartners.hu\/wp-content\/uploads\/2025\/04\/dr.-Biro-Adam-768x768.jpg 768w\" sizes=\"auto, (max-width: 1000px) 100vw, 1000px\" \/>            <img decoding=\"async\" class=\"expert-card-logo\" src=\"https:\/\/bhknpartners.hu\/wp-content\/uploads\/2025\/04\/logo-b.svg\" alt=\"\">\n        <\/figure>\n        <div class=\"expert-card-body\">\n            <h4 class=\"expert-card-title\">dr. \u00c1d\u00e1m B\u00edr\u00f3<\/h4>\n        <\/div>\n    <\/a>\n<\/div>\n                \n            \n           \n\n            \n            \n                <div class=\"expert-card\">\n    <a class=\"expert-card-link\" href=\"https:\/\/bhknpartners.hu\/en\/munkatarsak\/dr-toth-krisztian\/\">\n        <figure class=\"expert-card-figure\">\n            <img loading=\"lazy\" decoding=\"async\" width=\"1000\" height=\"1000\" src=\"https:\/\/bhknpartners.hu\/wp-content\/uploads\/2025\/04\/dr.-Toth-Krisztian.jpg\" class=\"attachment-post-thumbnail size-post-thumbnail wp-post-image\" alt=\"Dr. To\u0301th Krisztia\u0301n\" srcset=\"https:\/\/bhknpartners.hu\/wp-content\/uploads\/2025\/04\/dr.-Toth-Krisztian.jpg 1000w, https:\/\/bhknpartners.hu\/wp-content\/uploads\/2025\/04\/dr.-Toth-Krisztian-300x300.jpg 300w, https:\/\/bhknpartners.hu\/wp-content\/uploads\/2025\/04\/dr.-Toth-Krisztian-150x150.jpg 150w, https:\/\/bhknpartners.hu\/wp-content\/uploads\/2025\/04\/dr.-Toth-Krisztian-768x768.jpg 768w\" sizes=\"auto, (max-width: 1000px) 100vw, 1000px\" \/>            <img decoding=\"async\" class=\"expert-card-logo\" src=\"https:\/\/bhknpartners.hu\/wp-content\/uploads\/2025\/04\/logo-k-2.svg\" alt=\"\">\n        <\/figure>\n        <div class=\"expert-card-body\">\n            <h4 class=\"expert-card-title\">dr. Kriszti\u00e1n T\u00f3th<\/h4>\n        <\/div>\n    <\/a>\n<\/div>\n                \n            \n           \n\n            \n            \n                <div class=\"expert-card\">\n    <a class=\"expert-card-link\" href=\"https:\/\/bhknpartners.hu\/en\/munkatarsak\/dr-nemeth-viktoria\/\">\n        <figure class=\"expert-card-figure\">\n            <img loading=\"lazy\" decoding=\"async\" width=\"1000\" height=\"1000\" src=\"https:\/\/bhknpartners.hu\/wp-content\/uploads\/2025\/04\/dr.-Nemeth-Viktoria.jpg\" class=\"attachment-post-thumbnail size-post-thumbnail wp-post-image\" alt=\"Dr. Ne\u0301meth Vikto\u0301ria\" srcset=\"https:\/\/bhknpartners.hu\/wp-content\/uploads\/2025\/04\/dr.-Nemeth-Viktoria.jpg 1000w, https:\/\/bhknpartners.hu\/wp-content\/uploads\/2025\/04\/dr.-Nemeth-Viktoria-300x300.jpg 300w, https:\/\/bhknpartners.hu\/wp-content\/uploads\/2025\/04\/dr.-Nemeth-Viktoria-150x150.jpg 150w, https:\/\/bhknpartners.hu\/wp-content\/uploads\/2025\/04\/dr.-Nemeth-Viktoria-768x768.jpg 768w\" sizes=\"auto, (max-width: 1000px) 100vw, 1000px\" \/>            <img decoding=\"async\" class=\"expert-card-logo\" src=\"https:\/\/bhknpartners.hu\/wp-content\/uploads\/2025\/04\/logo-n.svg\" alt=\"\">\n        <\/figure>\n        <div class=\"expert-card-body\">\n            <h4 class=\"expert-card-title\">dr. Vikt\u00f3ria N\u00e9meth<\/h4>\n        <\/div>\n    <\/a>\n<\/div>\n                \n            \n            <\/div>","protected":false},"excerpt":{"rendered":"<p>\u00dcgyv\u00e9di szolg\u00e1ltat\u00e1sok modern megk\u00f6zel\u00edt\u00e9ssel Szeretj\u00fck a v\u00e1ltozatos \u00e9s bonyolult kih\u00edv\u00e1sokat, melyek igazi er\u0151ss\u00e9geinket teszik pr\u00f3b\u00e1ra: a realisztikus gondolkod\u00e1st \u00e9s a pragmatikus m\u0171k\u00f6d\u00e9st. Ezekre az alapelvekre \u00e9p\u00edtj\u00fck hossz\u00fa t\u00e1v\u00fa partneri kapcsolatainkat, hiszen minden eset egyedi megold\u00e1st k\u00edv\u00e1n. M\u00e9gis, ami k\u00f6z\u00f6s megb\u00edz\u00e1sainkban, az a l\u00e9nyeg felismer\u00e9se \u00e9s az \u00fcgy hat\u00e9kony megold\u00e1sa. \u00cdgy tisztelj\u00fck \u00fcgyfeleink idej\u00e9t \u00e9s bizalm\u00e1t.&nbsp;&#8230;<\/p>","protected":false},"author":1,"featured_media":1432,"parent":0,"menu_order":0,"comment_status":"closed","ping_status":"closed","template":"templates\/page-with-hero.php","meta":{"_acf_changed":false,"_kad_post_transparent":"","_kad_post_title":"","_kad_post_layout":"","_kad_post_sidebar_id":"","_kad_post_content_style":"","_kad_post_vertical_padding":"","_kad_post_feature":"","_kad_post_feature_position":"","_kad_post_header":false,"_kad_post_footer":false,"_kad_post_classname":"","footnotes":""},"class_list":["post-1554","page","type-page","status-publish","has-post-thumbnail","hentry"],"acf":[],"yoast_head":"<!-- This site is optimized with the Yoast SEO Premium plugin v27.6 (Yoast SEO v27.6) - https:\/\/yoast.com\/product\/yoast-seo-premium-wordpress\/ -->\n<title>R\u00f3lunk - BHKN Partners \u2013 \u00dcgyv\u00e9di T\u00e1rsul\u00e1s | Legal Services<\/title>\n<meta name=\"description\" content=\"A bhkn egy \u00fcgyv\u00e9di t\u00e1rsul\u00e1s, ami c\u00e9geknek seg\u00edt jogi \u00fcgyekben Magyarorsz\u00e1gon \u00e9s k\u00fclf\u00f6ld\u00f6n. C\u00e9galap\u00edt\u00e1s, ingatlanjog, ad\u00f3jog? B\u00edzza r\u00e1nk!\" \/>\n<meta name=\"robots\" content=\"index, follow, max-snippet:-1, max-image-preview:large, max-video-preview:-1\" \/>\n<link rel=\"canonical\" href=\"https:\/\/bhknpartners.hu\/en\/about-us\/\" \/>\n<meta property=\"og:locale\" content=\"en_GB\" \/>\n<meta property=\"og:type\" content=\"article\" \/>\n<meta property=\"og:title\" content=\"R\u00f3lunk\" \/>\n<meta property=\"og:description\" content=\"A bhkn egy \u00fcgyv\u00e9di t\u00e1rsul\u00e1s, ami c\u00e9geknek seg\u00edt jogi \u00fcgyekben Magyarorsz\u00e1gon \u00e9s k\u00fclf\u00f6ld\u00f6n. C\u00e9galap\u00edt\u00e1s, ingatlanjog, ad\u00f3jog? B\u00edzza r\u00e1nk!\" \/>\n<meta property=\"og:url\" content=\"https:\/\/bhknpartners.hu\/en\/about-us\/\" \/>\n<meta property=\"og:site_name\" content=\"BHKN Partners \u2013 \u00dcgyv\u00e9di T\u00e1rsul\u00e1s | Legal Services\" \/>\n<meta property=\"article:modified_time\" content=\"2025-12-15T11:08:58+00:00\" \/>\n<meta property=\"og:image\" content=\"https:\/\/bhknpartners.hu\/wp-content\/uploads\/2025\/04\/about-cover-2.jpg\" \/>\n\t<meta property=\"og:image:width\" content=\"1920\" \/>\n\t<meta property=\"og:image:height\" content=\"384\" \/>\n\t<meta property=\"og:image:type\" content=\"image\/jpeg\" \/>\n<meta name=\"twitter:card\" content=\"summary_large_image\" \/>\n<meta name=\"twitter:label1\" content=\"Estimated reading time\" \/>\n\t<meta name=\"twitter:data1\" content=\"2 minutes\" \/>\n<script type=\"application\/ld+json\" class=\"yoast-schema-graph\">{\"@context\":\"https:\\\/\\\/schema.org\",\"@graph\":[{\"@type\":[\"WebPage\",\"AboutPage\"],\"@id\":\"https:\\\/\\\/bhknpartners.hu\\\/rolunk\\\/\",\"url\":\"https:\\\/\\\/bhknpartners.hu\\\/rolunk\\\/\",\"name\":\"R\u00f3lunk - BHKN Partners \u2013 \u00dcgyv\u00e9di T\u00e1rsul\u00e1s | Legal Services\",\"isPartOf\":{\"@id\":\"https:\\\/\\\/bhknpartners.hu\\\/#website\"},\"primaryImageOfPage\":{\"@id\":\"https:\\\/\\\/bhknpartners.hu\\\/rolunk\\\/#primaryimage\"},\"image\":{\"@id\":\"https:\\\/\\\/bhknpartners.hu\\\/rolunk\\\/#primaryimage\"},\"thumbnailUrl\":\"https:\\\/\\\/bhknpartners.hu\\\/wp-content\\\/uploads\\\/2025\\\/04\\\/about-cover-2.jpg\",\"datePublished\":\"2025-04-14T15:22:57+00:00\",\"dateModified\":\"2025-12-15T11:08:58+00:00\",\"description\":\"A bhkn egy \u00fcgyv\u00e9di t\u00e1rsul\u00e1s, ami c\u00e9geknek seg\u00edt jogi \u00fcgyekben Magyarorsz\u00e1gon \u00e9s k\u00fclf\u00f6ld\u00f6n. C\u00e9galap\u00edt\u00e1s, ingatlanjog, ad\u00f3jog? B\u00edzza r\u00e1nk!\",\"breadcrumb\":{\"@id\":\"https:\\\/\\\/bhknpartners.hu\\\/rolunk\\\/#breadcrumb\"},\"inLanguage\":\"en-GB\",\"potentialAction\":[{\"@type\":\"ReadAction\",\"target\":[\"https:\\\/\\\/bhknpartners.hu\\\/rolunk\\\/\"]}]},{\"@type\":\"ImageObject\",\"inLanguage\":\"en-GB\",\"@id\":\"https:\\\/\\\/bhknpartners.hu\\\/rolunk\\\/#primaryimage\",\"url\":\"https:\\\/\\\/bhknpartners.hu\\\/wp-content\\\/uploads\\\/2025\\\/04\\\/about-cover-2.jpg\",\"contentUrl\":\"https:\\\/\\\/bhknpartners.hu\\\/wp-content\\\/uploads\\\/2025\\\/04\\\/about-cover-2.jpg\",\"width\":1920,\"height\":384,\"caption\":\"Szak\u00e9rt\u0151ink\"},{\"@type\":\"BreadcrumbList\",\"@id\":\"https:\\\/\\\/bhknpartners.hu\\\/rolunk\\\/#breadcrumb\",\"itemListElement\":[{\"@type\":\"ListItem\",\"position\":1,\"name\":\"Home\",\"item\":\"https:\\\/\\\/bhknpartners.hu\\\/\"},{\"@type\":\"ListItem\",\"position\":2,\"name\":\"R\u00f3lunk\"}]},{\"@type\":\"WebSite\",\"@id\":\"https:\\\/\\\/bhknpartners.hu\\\/#website\",\"url\":\"https:\\\/\\\/bhknpartners.hu\\\/\",\"name\":\"BHKN Partners \u2013 \u00dcgyv\u00e9di T\u00e1rsul\u00e1s | Legal Services\",\"description\":\"\",\"publisher\":{\"@id\":\"https:\\\/\\\/bhknpartners.hu\\\/#organization\"},\"potentialAction\":[{\"@type\":\"SearchAction\",\"target\":{\"@type\":\"EntryPoint\",\"urlTemplate\":\"https:\\\/\\\/bhknpartners.hu\\\/?s={search_term_string}\"},\"query-input\":{\"@type\":\"PropertyValueSpecification\",\"valueRequired\":true,\"valueName\":\"search_term_string\"}}],\"inLanguage\":\"en-GB\"},{\"@type\":\"Organization\",\"@id\":\"https:\\\/\\\/bhknpartners.hu\\\/#organization\",\"name\":\"BHKN Partners \u2013 \u00dcgyv\u00e9di T\u00e1rsul\u00e1s | Legal Services\",\"url\":\"https:\\\/\\\/bhknpartners.hu\\\/\",\"logo\":{\"@type\":\"ImageObject\",\"inLanguage\":\"en-GB\",\"@id\":\"https:\\\/\\\/bhknpartners.hu\\\/#\\\/schema\\\/logo\\\/image\\\/\",\"url\":\"https:\\\/\\\/bhknpartners.hu\\\/wp-content\\\/uploads\\\/2025\\\/04\\\/bhkn-logo.png\",\"contentUrl\":\"https:\\\/\\\/bhknpartners.hu\\\/wp-content\\\/uploads\\\/2025\\\/04\\\/bhkn-logo.png\",\"width\":800,\"height\":67,\"caption\":\"BHKN Partners \u2013 \u00dcgyv\u00e9di T\u00e1rsul\u00e1s | Legal Services\"},\"image\":{\"@id\":\"https:\\\/\\\/bhknpartners.hu\\\/#\\\/schema\\\/logo\\\/image\\\/\"}}]}<\/script>\n<!-- \/ Yoast SEO Premium plugin. -->","yoast_head_json":{"title":"bhkn legal partners \u2013 legal services in Hungary","description":"BHKN is a lawyer association specializing in assisting companies with legal matters in Hungary and abroad. Company formation? Leave it to us!","robots":{"index":"index","follow":"follow","max-snippet":"max-snippet:-1","max-image-preview":"max-image-preview:large","max-video-preview":"max-video-preview:-1"},"canonical":"https:\/\/bhknpartners.hu\/en\/about-us\/","og_locale":"en_GB","og_type":"article","og_title":"R\u00f3lunk","og_description":"A bhkn egy \u00fcgyv\u00e9di t\u00e1rsul\u00e1s, ami c\u00e9geknek seg\u00edt jogi \u00fcgyekben Magyarorsz\u00e1gon \u00e9s k\u00fclf\u00f6ld\u00f6n. C\u00e9galap\u00edt\u00e1s, ingatlanjog, ad\u00f3jog? B\u00edzza r\u00e1nk!","og_url":"https:\/\/bhknpartners.hu\/en\/about-us\/","og_site_name":"BHKN Partners \u2013 \u00dcgyv\u00e9di T\u00e1rsul\u00e1s | Legal Services","article_modified_time":"2025-12-15T11:08:58+00:00","og_image":[{"width":1920,"height":384,"url":"https:\/\/bhknpartners.hu\/wp-content\/uploads\/2025\/04\/about-cover-2.jpg","type":"image\/jpeg"}],"twitter_card":"summary_large_image","twitter_misc":{"Estimated reading time":"2 minutes"},"schema":{"@context":"https:\/\/schema.org","@graph":[{"@type":["WebPage","AboutPage"],"@id":"https:\/\/bhknpartners.hu\/rolunk\/","url":"https:\/\/bhknpartners.hu\/rolunk\/","name":"bhkn legal partners \u2013 legal services in Hungary","isPartOf":{"@id":"https:\/\/bhknpartners.hu\/#website"},"primaryImageOfPage":{"@id":"https:\/\/bhknpartners.hu\/rolunk\/#primaryimage"},"image":{"@id":"https:\/\/bhknpartners.hu\/rolunk\/#primaryimage"},"thumbnailUrl":"https:\/\/bhknpartners.hu\/wp-content\/uploads\/2025\/04\/about-cover-2.jpg","datePublished":"2025-04-14T15:22:57+00:00","dateModified":"2025-12-15T11:08:58+00:00","description":"BHKN is a lawyer association specializing in assisting companies with legal matters in Hungary and abroad. Company formation? Leave it to us!","breadcrumb":{"@id":"https:\/\/bhknpartners.hu\/rolunk\/#breadcrumb"},"inLanguage":"en-GB","potentialAction":[{"@type":"ReadAction","target":["https:\/\/bhknpartners.hu\/rolunk\/"]}]},{"@type":"ImageObject","inLanguage":"en-GB","@id":"https:\/\/bhknpartners.hu\/rolunk\/#primaryimage","url":"https:\/\/bhknpartners.hu\/wp-content\/uploads\/2025\/04\/about-cover-2.jpg","contentUrl":"https:\/\/bhknpartners.hu\/wp-content\/uploads\/2025\/04\/about-cover-2.jpg","width":1920,"height":384,"caption":"Szak\u00e9rt\u0151ink"},{"@type":"BreadcrumbList","@id":"https:\/\/bhknpartners.hu\/rolunk\/#breadcrumb","itemListElement":[{"@type":"ListItem","position":1,"name":"Home","item":"https:\/\/bhknpartners.hu\/"},{"@type":"ListItem","position":2,"name":"R\u00f3lunk"}]},{"@type":"WebSite","@id":"https:\/\/bhknpartners.hu\/#website","url":"https:\/\/bhknpartners.hu\/","name":"BHKN Partners \u2013 \u00dcgyv\u00e9di T\u00e1rsul\u00e1s | Legal Services","description":"","publisher":{"@id":"https:\/\/bhknpartners.hu\/#organization"},"potentialAction":[{"@type":"SearchAction","target":{"@type":"EntryPoint","urlTemplate":"https:\/\/bhknpartners.hu\/?s={search_term_string}"},"query-input":{"@type":"PropertyValueSpecification","valueRequired":true,"valueName":"search_term_string"}}],"inLanguage":"en-GB"},{"@type":"Organization","@id":"https:\/\/bhknpartners.hu\/#organization","name":"BHKN Partners \u2013 \u00dcgyv\u00e9di T\u00e1rsul\u00e1s | Legal Services","url":"https:\/\/bhknpartners.hu\/","logo":{"@type":"ImageObject","inLanguage":"en-GB","@id":"https:\/\/bhknpartners.hu\/#\/schema\/logo\/image\/","url":"https:\/\/bhknpartners.hu\/wp-content\/uploads\/2025\/04\/bhkn-logo.png","contentUrl":"https:\/\/bhknpartners.hu\/wp-content\/uploads\/2025\/04\/bhkn-logo.png","width":800,"height":67,"caption":"BHKN Partners \u2013 \u00dcgyv\u00e9di T\u00e1rsul\u00e1s | Legal Services"},"image":{"@id":"https:\/\/bhknpartners.hu\/#\/schema\/logo\/image\/"}}]}},"_links":{"self":[{"href":"https:\/\/bhknpartners.hu\/en\/wp-json\/wp\/v2\/pages\/1554","targetHints":{"allow":["GET"]}}],"collection":[{"href":"https:\/\/bhknpartners.hu\/en\/wp-json\/wp\/v2\/pages"}],"about":[{"href":"https:\/\/bhknpartners.hu\/en\/wp-json\/wp\/v2\/types\/page"}],"author":[{"embeddable":true,"href":"https:\/\/bhknpartners.hu\/en\/wp-json\/wp\/v2\/users\/1"}],"replies":[{"embeddable":true,"href":"https:\/\/bhknpartners.hu\/en\/wp-json\/wp\/v2\/comments?post=1554"}],"version-history":[{"count":6,"href":"https:\/\/bhknpartners.hu\/en\/wp-json\/wp\/v2\/pages\/1554\/revisions"}],"predecessor-version":[{"id":1561,"href":"https:\/\/bhknpartners.hu\/en\/wp-json\/wp\/v2\/pages\/1554\/revisions\/1561"}],"wp:featuredmedia":[{"embeddable":true,"href":"https:\/\/bhknpartners.hu\/en\/wp-json\/wp\/v2\/media\/1432"}],"wp:attachment":[{"href":"https:\/\/bhknpartners.hu\/en\/wp-json\/wp\/v2\/media?parent=1554"}],"curies":[{"name":"wp","href":"https:\/\/api.w.org\/{rel}","templated":true}]}}