{"id":1615,"date":"2025-04-18T13:42:47","date_gmt":"2025-04-18T13:42:47","guid":{"rendered":"https:\/\/bhknpartners.hu\/?page_id=1615"},"modified":"2025-12-15T12:07:47","modified_gmt":"2025-12-15T11:07:47","slug":"contact","status":"publish","type":"page","link":"https:\/\/bhknpartners.hu\/en\/kapcsolat\/","title":{"rendered":"Contact"},"content":{"rendered":"","protected":false},"excerpt":{"rendered":"","protected":false},"author":1,"featured_media":0,"parent":0,"menu_order":0,"comment_status":"closed","ping_status":"closed","template":"templates\/page-kapcsolat.php","meta":{"_acf_changed":false,"_kad_post_transparent":"","_kad_post_title":"","_kad_post_layout":"","_kad_post_sidebar_id":"","_kad_post_content_style":"","_kad_post_vertical_padding":"","_kad_post_feature":"","_kad_post_feature_position":"","_kad_post_header":false,"_kad_post_footer":false,"_kad_post_classname":"","footnotes":""},"class_list":["post-1615","page","type-page","status-publish","hentry"],"acf":[],"yoast_head":"<!-- This site is optimized with the Yoast SEO Premium plugin v27.6 (Yoast SEO v27.6) - https:\/\/yoast.com\/product\/yoast-seo-premium-wordpress\/ -->\n<title>C\u00e9gjog\u00e1sz Budapest - BHKN Partners \u2013 \u00dcgyv\u00e9di T\u00e1rsul\u00e1s | Legal Services<\/title>\n<meta name=\"description\" content=\"C\u00e9gjog\u00e1sz Budapest - Professzion\u00e1lis tan\u00e1csad\u00e1s \u00e9s jogi k\u00e9pviselet c\u00e9geknek. L\u00e9pjen vel\u00fcnk kapcsolatba, hogy seg\u00edthess\u00fcnk!\" \/>\n<meta name=\"robots\" content=\"index, follow, max-snippet:-1, max-image-preview:large, max-video-preview:-1\" \/>\n<link rel=\"canonical\" href=\"https:\/\/bhknpartners.hu\/en\/contact\/\" \/>\n<meta property=\"og:locale\" content=\"en_GB\" \/>\n<meta property=\"og:type\" content=\"article\" \/>\n<meta property=\"og:title\" content=\"Kapcsolat\" \/>\n<meta property=\"og:description\" content=\"C\u00e9gjog\u00e1sz Budapest - Professzion\u00e1lis tan\u00e1csad\u00e1s \u00e9s jogi k\u00e9pviselet c\u00e9geknek. L\u00e9pjen vel\u00fcnk kapcsolatba, hogy seg\u00edthess\u00fcnk!\" \/>\n<meta property=\"og:url\" content=\"https:\/\/bhknpartners.hu\/en\/contact\/\" \/>\n<meta property=\"og:site_name\" content=\"BHKN Partners \u2013 \u00dcgyv\u00e9di T\u00e1rsul\u00e1s | Legal Services\" \/>\n<meta property=\"article:modified_time\" content=\"2025-12-15T11:07:47+00:00\" \/>\n<meta name=\"twitter:card\" content=\"summary_large_image\" \/>\n<script type=\"application\/ld+json\" class=\"yoast-schema-graph\">{\"@context\":\"https:\\\/\\\/schema.org\",\"@graph\":[{\"@type\":[\"WebPage\",\"ContactPage\"],\"@id\":\"https:\\\/\\\/bhknpartners.hu\\\/kapcsolat\\\/\",\"url\":\"https:\\\/\\\/bhknpartners.hu\\\/kapcsolat\\\/\",\"name\":\"C\u00e9gjog\u00e1sz Budapest - BHKN Partners \u2013 \u00dcgyv\u00e9di T\u00e1rsul\u00e1s | Legal Services\",\"isPartOf\":{\"@id\":\"https:\\\/\\\/bhknpartners.hu\\\/#website\"},\"datePublished\":\"2025-04-18T13:42:47+00:00\",\"dateModified\":\"2025-12-15T11:07:47+00:00\",\"description\":\"C\u00e9gjog\u00e1sz Budapest - Professzion\u00e1lis tan\u00e1csad\u00e1s \u00e9s jogi k\u00e9pviselet c\u00e9geknek. L\u00e9pjen vel\u00fcnk kapcsolatba, hogy seg\u00edthess\u00fcnk!\",\"breadcrumb\":{\"@id\":\"https:\\\/\\\/bhknpartners.hu\\\/kapcsolat\\\/#breadcrumb\"},\"inLanguage\":\"en-GB\",\"potentialAction\":[{\"@type\":\"ReadAction\",\"target\":[\"https:\\\/\\\/bhknpartners.hu\\\/kapcsolat\\\/\"]}]},{\"@type\":\"BreadcrumbList\",\"@id\":\"https:\\\/\\\/bhknpartners.hu\\\/kapcsolat\\\/#breadcrumb\",\"itemListElement\":[{\"@type\":\"ListItem\",\"position\":1,\"name\":\"Home\",\"item\":\"https:\\\/\\\/bhknpartners.hu\\\/\"},{\"@type\":\"ListItem\",\"position\":2,\"name\":\"Kapcsolat\"}]},{\"@type\":\"WebSite\",\"@id\":\"https:\\\/\\\/bhknpartners.hu\\\/#website\",\"url\":\"https:\\\/\\\/bhknpartners.hu\\\/\",\"name\":\"BHKN Partners \u2013 \u00dcgyv\u00e9di T\u00e1rsul\u00e1s | Legal Services\",\"description\":\"\",\"publisher\":{\"@id\":\"https:\\\/\\\/bhknpartners.hu\\\/#organization\"},\"potentialAction\":[{\"@type\":\"SearchAction\",\"target\":{\"@type\":\"EntryPoint\",\"urlTemplate\":\"https:\\\/\\\/bhknpartners.hu\\\/?s={search_term_string}\"},\"query-input\":{\"@type\":\"PropertyValueSpecification\",\"valueRequired\":true,\"valueName\":\"search_term_string\"}}],\"inLanguage\":\"en-GB\"},{\"@type\":\"Organization\",\"@id\":\"https:\\\/\\\/bhknpartners.hu\\\/#organization\",\"name\":\"BHKN Partners \u2013 \u00dcgyv\u00e9di T\u00e1rsul\u00e1s | Legal Services\",\"url\":\"https:\\\/\\\/bhknpartners.hu\\\/\",\"logo\":{\"@type\":\"ImageObject\",\"inLanguage\":\"en-GB\",\"@id\":\"https:\\\/\\\/bhknpartners.hu\\\/#\\\/schema\\\/logo\\\/image\\\/\",\"url\":\"https:\\\/\\\/bhknpartners.hu\\\/wp-content\\\/uploads\\\/2025\\\/04\\\/bhkn-logo.png\",\"contentUrl\":\"https:\\\/\\\/bhknpartners.hu\\\/wp-content\\\/uploads\\\/2025\\\/04\\\/bhkn-logo.png\",\"width\":800,\"height\":67,\"caption\":\"BHKN Partners \u2013 \u00dcgyv\u00e9di T\u00e1rsul\u00e1s | Legal Services\"},\"image\":{\"@id\":\"https:\\\/\\\/bhknpartners.hu\\\/#\\\/schema\\\/logo\\\/image\\\/\"}}]}<\/script>\n<!-- \/ Yoast SEO Premium plugin. -->","yoast_head_json":{"title":"Corporate Lawyer in Budapest","description":"Corporate Lawyer Budapest: Offering professional legal advice and representation for companies. Contact us today to see how we can assist you!","robots":{"index":"index","follow":"follow","max-snippet":"max-snippet:-1","max-image-preview":"max-image-preview:large","max-video-preview":"max-video-preview:-1"},"canonical":"https:\/\/bhknpartners.hu\/en\/contact\/","og_locale":"en_GB","og_type":"article","og_title":"Kapcsolat","og_description":"C\u00e9gjog\u00e1sz Budapest - Professzion\u00e1lis tan\u00e1csad\u00e1s \u00e9s jogi k\u00e9pviselet c\u00e9geknek. L\u00e9pjen vel\u00fcnk kapcsolatba, hogy seg\u00edthess\u00fcnk!","og_url":"https:\/\/bhknpartners.hu\/en\/contact\/","og_site_name":"BHKN Partners \u2013 \u00dcgyv\u00e9di T\u00e1rsul\u00e1s | Legal Services","article_modified_time":"2025-12-15T11:07:47+00:00","twitter_card":"summary_large_image","schema":{"@context":"https:\/\/schema.org","@graph":[{"@type":["WebPage","ContactPage"],"@id":"https:\/\/bhknpartners.hu\/kapcsolat\/","url":"https:\/\/bhknpartners.hu\/kapcsolat\/","name":"Corporate Lawyer in Budapest","isPartOf":{"@id":"https:\/\/bhknpartners.hu\/#website"},"datePublished":"2025-04-18T13:42:47+00:00","dateModified":"2025-12-15T11:07:47+00:00","description":"Corporate Lawyer Budapest: Offering professional legal advice and representation for companies. Contact us today to see how we can assist you!","breadcrumb":{"@id":"https:\/\/bhknpartners.hu\/kapcsolat\/#breadcrumb"},"inLanguage":"en-GB","potentialAction":[{"@type":"ReadAction","target":["https:\/\/bhknpartners.hu\/kapcsolat\/"]}]},{"@type":"BreadcrumbList","@id":"https:\/\/bhknpartners.hu\/kapcsolat\/#breadcrumb","itemListElement":[{"@type":"ListItem","position":1,"name":"Home","item":"https:\/\/bhknpartners.hu\/"},{"@type":"ListItem","position":2,"name":"Kapcsolat"}]},{"@type":"WebSite","@id":"https:\/\/bhknpartners.hu\/#website","url":"https:\/\/bhknpartners.hu\/","name":"BHKN Partners \u2013 \u00dcgyv\u00e9di T\u00e1rsul\u00e1s | Legal Services","description":"","publisher":{"@id":"https:\/\/bhknpartners.hu\/#organization"},"potentialAction":[{"@type":"SearchAction","target":{"@type":"EntryPoint","urlTemplate":"https:\/\/bhknpartners.hu\/?s={search_term_string}"},"query-input":{"@type":"PropertyValueSpecification","valueRequired":true,"valueName":"search_term_string"}}],"inLanguage":"en-GB"},{"@type":"Organization","@id":"https:\/\/bhknpartners.hu\/#organization","name":"BHKN Partners \u2013 \u00dcgyv\u00e9di T\u00e1rsul\u00e1s | Legal Services","url":"https:\/\/bhknpartners.hu\/","logo":{"@type":"ImageObject","inLanguage":"en-GB","@id":"https:\/\/bhknpartners.hu\/#\/schema\/logo\/image\/","url":"https:\/\/bhknpartners.hu\/wp-content\/uploads\/2025\/04\/bhkn-logo.png","contentUrl":"https:\/\/bhknpartners.hu\/wp-content\/uploads\/2025\/04\/bhkn-logo.png","width":800,"height":67,"caption":"BHKN Partners \u2013 \u00dcgyv\u00e9di T\u00e1rsul\u00e1s | Legal Services"},"image":{"@id":"https:\/\/bhknpartners.hu\/#\/schema\/logo\/image\/"}}]}},"_links":{"self":[{"href":"https:\/\/bhknpartners.hu\/en\/wp-json\/wp\/v2\/pages\/1615","targetHints":{"allow":["GET"]}}],"collection":[{"href":"https:\/\/bhknpartners.hu\/en\/wp-json\/wp\/v2\/pages"}],"about":[{"href":"https:\/\/bhknpartners.hu\/en\/wp-json\/wp\/v2\/types\/page"}],"author":[{"embeddable":true,"href":"https:\/\/bhknpartners.hu\/en\/wp-json\/wp\/v2\/users\/1"}],"replies":[{"embeddable":true,"href":"https:\/\/bhknpartners.hu\/en\/wp-json\/wp\/v2\/comments?post=1615"}],"version-history":[{"count":1,"href":"https:\/\/bhknpartners.hu\/en\/wp-json\/wp\/v2\/pages\/1615\/revisions"}],"predecessor-version":[{"id":1616,"href":"https:\/\/bhknpartners.hu\/en\/wp-json\/wp\/v2\/pages\/1615\/revisions\/1616"}],"wp:attachment":[{"href":"https:\/\/bhknpartners.hu\/en\/wp-json\/wp\/v2\/media?parent=1615"}],"curies":[{"name":"wp","href":"https:\/\/api.w.org\/{rel}","templated":true}]}}